{"id":8,"date":"2026-02-26T12:38:22","date_gmt":"2026-02-26T11:38:22","guid":{"rendered":"https:\/\/korki.waw.pl\/?page_id=8"},"modified":"2026-02-26T12:38:22","modified_gmt":"2026-02-26T11:38:22","slug":"korki","status":"publish","type":"page","link":"https:\/\/korki.waw.pl\/?page_id=8","title":{"rendered":"KORKI"},"content":{"rendered":"\n<div class=\"wp-block-group alignfull is-style-section-2 has-global-padding is-layout-constrained wp-block-group-is-layout-constrained\" style=\"margin-top:0;margin-bottom:0;padding-top:var(--wp--preset--spacing--60);padding-bottom:var(--wp--preset--spacing--60)\">\n<div class=\"wp-block-columns alignwide is-layout-flex wp-container-core-columns-is-layout-643ced6b wp-block-columns-is-layout-flex\">\n<div class=\"wp-block-column is-layout-flow wp-block-column-is-layout-flow\" style=\"flex-basis:40%\">\n<figure class=\"wp-block-image size-large\"><img decoding=\"async\" src=\"https:\/\/korki.waw.pl\/wp-content\/themes\/twentytwentyfive\/assets\/images\/hero-podcast.webp\" alt=\"Zdj\u0119cie osoby\"\/><\/figure>\n<\/div>\n\n\n\n<div class=\"wp-block-column is-vertically-aligned-center is-layout-flow wp-container-core-column-is-layout-119bc444 wp-block-column-is-layout-flow\" style=\"flex-basis:60%\">\n<h2 class=\"wp-block-heading has-xx-large-font-size\">Podcast Opowie\u015bci<\/h2>\n\n\n\n<p>Opowiadanie historii, analiza ekspert\u00f3w i \u017cywe opisy. Podcast Stories o\u017cywia histori\u0119, czyni\u0105c j\u0105 dost\u0119pn\u0105 i wci\u0105gaj\u0105c\u0105 dla ka\u017cdego.<\/p>\n\n\n\n<div class=\"wp-block-group is-vertical is-layout-flex wp-container-core-group-is-layout-41e20069 wp-block-group-is-layout-flex\">\n<h3 class=\"wp-block-heading has-small-font-size\" style=\"font-style:normal;font-weight:600;letter-spacing:1px;text-transform:uppercase\">Subskrybuj w swojej ulubionej platformie<\/h3>\n\n\n\n<div class=\"wp-block-group is-layout-flex wp-block-group-is-layout-flex\">\n<p class=\"is-style-text-annotation\"><a href=\"#\">YouTube<\/a><\/p>\n\n\n\n<p class=\"is-style-text-annotation\"><a href=\"#\">Podcasty Apple<\/a><\/p>\n\n\n\n<p class=\"is-style-text-annotation\"><a href=\"#\">Spotify<\/a><\/p>\n\n\n\n<p class=\"is-style-text-annotation\"><a href=\"#\">Pocket Casts<\/a><\/p>\n\n\n\n<p class=\"is-style-text-annotation\"><a href=\"#\">RSS<\/a><\/p>\n<\/div>\n<\/div>\n<\/div>\n<\/div>\n<\/div>\n\n\n\n<aside class=\"wp-block-group alignfull is-style-section-3 has-global-padding is-layout-constrained wp-container-core-group-is-layout-f0f2a97b wp-block-group-is-layout-constrained\" style=\"margin-top:0;margin-bottom:0;padding-top:var(--wp--preset--spacing--50);padding-right:var(--wp--preset--spacing--50);padding-bottom:var(--wp--preset--spacing--50);padding-left:var(--wp--preset--spacing--50)\">\n<div class=\"wp-block-group is-vertical is-content-justification-center is-layout-flex wp-container-core-group-is-layout-8778ca4a wp-block-group-is-layout-flex\" style=\"min-height:360px;margin-top:0;margin-bottom:0\">\n<h2 class=\"wp-block-heading has-text-align-center has-xx-large-font-size\">Zapisz si\u0119.<\/h2>\n\n\n\n<p class=\"has-text-align-center is-style-text-subtitle\">Uzyskaj dost\u0119p <\/p>\n\n\n\n<div style=\"height:0px\" aria-hidden=\"true\" class=\"wp-block-spacer wp-container-content-62aae154\"><\/div>\n\n\n\n<div class=\"wp-block-buttons is-content-justification-center is-layout-flex wp-container-core-buttons-is-layout-a89b3969 wp-block-buttons-is-layout-flex\">\n<div class=\"wp-block-button\"><a class=\"wp-block-button__link has-text-align-center wp-element-button\">Subskrybuj<\/a><\/div>\n<\/div>\n<\/div>\n<\/aside>\n","protected":false},"excerpt":{"rendered":"<p>Podcast Opowie\u015bci Opowiadanie historii, analiza ekspert\u00f3w i \u017cywe opisy. Podcast Stories o\u017cywia histori\u0119, czyni\u0105c j\u0105 dost\u0119pn\u0105 i wci\u0105gaj\u0105c\u0105 dla ka\u017cdego. Subskrybuj w swojej ulubionej platformie YouTube Podcasty Apple Spotify Pocket Casts RSS Zapisz si\u0119. Uzyskaj dost\u0119p<\/p>\n","protected":false},"author":1,"featured_media":0,"parent":0,"menu_order":0,"comment_status":"closed","ping_status":"closed","template":"","meta":{"footnotes":""},"class_list":["post-8","page","type-page","status-publish","hentry"],"yoast_head":"<!-- This site is optimized with the Yoast SEO plugin v27.0 - https:\/\/yoast.com\/product\/yoast-seo-wordpress\/ -->\n<title>KORKI - wordpressplugins<\/title>\n<meta name=\"robots\" content=\"index, follow, max-snippet:-1, max-image-preview:large, max-video-preview:-1\" \/>\n<link rel=\"canonical\" href=\"https:\/\/korki.waw.pl\/?page_id=8\" \/>\n<meta property=\"og:locale\" content=\"en_US\" \/>\n<meta property=\"og:type\" content=\"article\" \/>\n<meta property=\"og:title\" content=\"KORKI - wordpressplugins\" \/>\n<meta property=\"og:description\" content=\"Podcast Opowie\u015bci Opowiadanie historii, analiza ekspert\u00f3w i \u017cywe opisy. Podcast Stories o\u017cywia histori\u0119, czyni\u0105c j\u0105 dost\u0119pn\u0105 i wci\u0105gaj\u0105c\u0105 dla ka\u017cdego. Subskrybuj w swojej ulubionej platformie YouTube Podcasty Apple Spotify Pocket Casts RSS Zapisz si\u0119. Uzyskaj dost\u0119p\" \/>\n<meta property=\"og:url\" content=\"https:\/\/korki.waw.pl\/?page_id=8\" \/>\n<meta property=\"og:site_name\" content=\"wordpressplugins\" \/>\n<meta property=\"og:image\" content=\"https:\/\/korki.waw.pl\/wp-content\/themes\/twentytwentyfive\/assets\/images\/hero-podcast.webp\" \/>\n<meta name=\"twitter:card\" content=\"summary_large_image\" \/>\n<meta name=\"twitter:label1\" content=\"Est. reading time\" \/>\n\t<meta name=\"twitter:data1\" content=\"3 minutes\" \/>\n<script type=\"application\/ld+json\" class=\"yoast-schema-graph\">{\"@context\":\"https:\/\/schema.org\",\"@graph\":[{\"@type\":\"WebPage\",\"@id\":\"https:\/\/korki.waw.pl\/?page_id=8\",\"url\":\"https:\/\/korki.waw.pl\/?page_id=8\",\"name\":\"KORKI - wordpressplugins\",\"isPartOf\":{\"@id\":\"https:\/\/korki.waw.pl\/#website\"},\"primaryImageOfPage\":{\"@id\":\"https:\/\/korki.waw.pl\/?page_id=8#primaryimage\"},\"image\":{\"@id\":\"https:\/\/korki.waw.pl\/?page_id=8#primaryimage\"},\"thumbnailUrl\":\"https:\/\/korki.waw.pl\/wp-content\/themes\/twentytwentyfive\/assets\/images\/hero-podcast.webp\",\"datePublished\":\"2026-02-26T11:38:22+00:00\",\"breadcrumb\":{\"@id\":\"https:\/\/korki.waw.pl\/?page_id=8#breadcrumb\"},\"inLanguage\":\"en-US\",\"potentialAction\":[{\"@type\":\"ReadAction\",\"target\":[\"https:\/\/korki.waw.pl\/?page_id=8\"]}]},{\"@type\":\"ImageObject\",\"inLanguage\":\"en-US\",\"@id\":\"https:\/\/korki.waw.pl\/?page_id=8#primaryimage\",\"url\":\"https:\/\/korki.waw.pl\/wp-content\/themes\/twentytwentyfive\/assets\/images\/hero-podcast.webp\",\"contentUrl\":\"https:\/\/korki.waw.pl\/wp-content\/themes\/twentytwentyfive\/assets\/images\/hero-podcast.webp\"},{\"@type\":\"BreadcrumbList\",\"@id\":\"https:\/\/korki.waw.pl\/?page_id=8#breadcrumb\",\"itemListElement\":[{\"@type\":\"ListItem\",\"position\":1,\"name\":\"Home\",\"item\":\"https:\/\/korki.waw.pl\/\"},{\"@type\":\"ListItem\",\"position\":2,\"name\":\"KORKI\"}]},{\"@type\":\"WebSite\",\"@id\":\"https:\/\/korki.waw.pl\/#website\",\"url\":\"https:\/\/korki.waw.pl\/\",\"name\":\"wordpressplugins\",\"description\":\"\",\"potentialAction\":[{\"@type\":\"SearchAction\",\"target\":{\"@type\":\"EntryPoint\",\"urlTemplate\":\"https:\/\/korki.waw.pl\/?s={search_term_string}\"},\"query-input\":{\"@type\":\"PropertyValueSpecification\",\"valueRequired\":true,\"valueName\":\"search_term_string\"}}],\"inLanguage\":\"en-US\"}]}<\/script>\n<!-- \/ Yoast SEO plugin. -->","yoast_head_json":{"title":"KORKI - wordpressplugins","robots":{"index":"index","follow":"follow","max-snippet":"max-snippet:-1","max-image-preview":"max-image-preview:large","max-video-preview":"max-video-preview:-1"},"canonical":"https:\/\/korki.waw.pl\/?page_id=8","og_locale":"en_US","og_type":"article","og_title":"KORKI - wordpressplugins","og_description":"Podcast Opowie\u015bci Opowiadanie historii, analiza ekspert\u00f3w i \u017cywe opisy. Podcast Stories o\u017cywia histori\u0119, czyni\u0105c j\u0105 dost\u0119pn\u0105 i wci\u0105gaj\u0105c\u0105 dla ka\u017cdego. Subskrybuj w swojej ulubionej platformie YouTube Podcasty Apple Spotify Pocket Casts RSS Zapisz si\u0119. Uzyskaj dost\u0119p","og_url":"https:\/\/korki.waw.pl\/?page_id=8","og_site_name":"wordpressplugins","og_image":[{"url":"https:\/\/korki.waw.pl\/wp-content\/themes\/twentytwentyfive\/assets\/images\/hero-podcast.webp","type":"","width":"","height":""}],"twitter_card":"summary_large_image","twitter_misc":{"Est. reading time":"3 minutes"},"schema":{"@context":"https:\/\/schema.org","@graph":[{"@type":"WebPage","@id":"https:\/\/korki.waw.pl\/?page_id=8","url":"https:\/\/korki.waw.pl\/?page_id=8","name":"KORKI - wordpressplugins","isPartOf":{"@id":"https:\/\/korki.waw.pl\/#website"},"primaryImageOfPage":{"@id":"https:\/\/korki.waw.pl\/?page_id=8#primaryimage"},"image":{"@id":"https:\/\/korki.waw.pl\/?page_id=8#primaryimage"},"thumbnailUrl":"https:\/\/korki.waw.pl\/wp-content\/themes\/twentytwentyfive\/assets\/images\/hero-podcast.webp","datePublished":"2026-02-26T11:38:22+00:00","breadcrumb":{"@id":"https:\/\/korki.waw.pl\/?page_id=8#breadcrumb"},"inLanguage":"en-US","potentialAction":[{"@type":"ReadAction","target":["https:\/\/korki.waw.pl\/?page_id=8"]}]},{"@type":"ImageObject","inLanguage":"en-US","@id":"https:\/\/korki.waw.pl\/?page_id=8#primaryimage","url":"https:\/\/korki.waw.pl\/wp-content\/themes\/twentytwentyfive\/assets\/images\/hero-podcast.webp","contentUrl":"https:\/\/korki.waw.pl\/wp-content\/themes\/twentytwentyfive\/assets\/images\/hero-podcast.webp"},{"@type":"BreadcrumbList","@id":"https:\/\/korki.waw.pl\/?page_id=8#breadcrumb","itemListElement":[{"@type":"ListItem","position":1,"name":"Home","item":"https:\/\/korki.waw.pl\/"},{"@type":"ListItem","position":2,"name":"KORKI"}]},{"@type":"WebSite","@id":"https:\/\/korki.waw.pl\/#website","url":"https:\/\/korki.waw.pl\/","name":"wordpressplugins","description":"","potentialAction":[{"@type":"SearchAction","target":{"@type":"EntryPoint","urlTemplate":"https:\/\/korki.waw.pl\/?s={search_term_string}"},"query-input":{"@type":"PropertyValueSpecification","valueRequired":true,"valueName":"search_term_string"}}],"inLanguage":"en-US"}]}},"_links":{"self":[{"href":"https:\/\/korki.waw.pl\/index.php?rest_route=\/wp\/v2\/pages\/8","targetHints":{"allow":["GET"]}}],"collection":[{"href":"https:\/\/korki.waw.pl\/index.php?rest_route=\/wp\/v2\/pages"}],"about":[{"href":"https:\/\/korki.waw.pl\/index.php?rest_route=\/wp\/v2\/types\/page"}],"author":[{"embeddable":true,"href":"https:\/\/korki.waw.pl\/index.php?rest_route=\/wp\/v2\/users\/1"}],"replies":[{"embeddable":true,"href":"https:\/\/korki.waw.pl\/index.php?rest_route=%2Fwp%2Fv2%2Fcomments&post=8"}],"version-history":[{"count":4,"href":"https:\/\/korki.waw.pl\/index.php?rest_route=\/wp\/v2\/pages\/8\/revisions"}],"predecessor-version":[{"id":18,"href":"https:\/\/korki.waw.pl\/index.php?rest_route=\/wp\/v2\/pages\/8\/revisions\/18"}],"wp:attachment":[{"href":"https:\/\/korki.waw.pl\/index.php?rest_route=%2Fwp%2Fv2%2Fmedia&parent=8"}],"curies":[{"name":"wp","href":"https:\/\/api.w.org\/{rel}","templated":true}]}}